{"id":99,"date":"2026-03-02T14:10:08","date_gmt":"2026-03-02T14:10:08","guid":{"rendered":"https:\/\/beerlab.ltd\/inicio\/"},"modified":"2026-03-08T16:45:40","modified_gmt":"2026-03-08T16:45:40","slug":"inicio","status":"publish","type":"page","link":"https:\/\/beerlab.ltd\/es\/","title":{"rendered":"Inicio"},"content":{"rendered":"<div class=\"et_pb_section_0 et_pb_section et_section_regular et_flex_section\">\n<div class=\"et_pb_row_0 et_pb_row et_flex_row\">\n<div class=\"et_pb_column_0 et_pb_column et-last-child et_flex_column et_pb_css_mix_blend_mode_passthrough et_flex_column_24_24 et_flex_column_24_24_tablet et_flex_column_24_24_phone\">\n<div class=\"et_pb_text_0 et_pb_text et_pb_bg_layout_light et_pb_module et_flex_module\"><div class=\"et_pb_text_inner\"><h1 class=\"et_pb_module_header\">Cerveza hecha a la le\u00f1a<\/h1>\n<div class=\"et_pb_header_content_wrapper\">\n<p><span style=\"font-size: large;\">Nuestras cervezas se distinguen por ser elaboradas con fuego obtenido de la le\u00f1a, un proceso intenso que da como resultado sabores fascinantes. Concientes del medio ambiente, utilizamos unicamente productos biodegradables para la limpieza, desinfecci\u00f3n y sanitizaci\u00f3n de nuestra cervecer\u00eda. Nuestra le\u00f1a proviene de ramas ca\u00eddas de nuestra propiedad o de nuestros vecinos que han apodado sus \u00e1rboles ornamentales o frutales, por lo que no existe ninguna corta de \u00e1rboles.   <\/span><\/p>\n<\/div>\n<\/div><\/div>\n<\/div>\n<\/div>\n\n<div class=\"et_pb_row_1 et_pb_row et_flex_row\">\n<div class=\"et_pb_column_1 et_pb_column et-last-child et_flex_column et_pb_css_mix_blend_mode_passthrough et_flex_column_24_24 et_flex_column_24_24_tablet et_flex_column_24_24_phone\">\n<div class=\"et_pb_module et_pb_button_module_wrapper et_pb_button_0_wrapper\"><a class=\"et_pb_button_0 et_pb_button et_pb_bg_layout_dark et_pb_module et_flex_module\" href=\"https:\/\/beerlab.ltd\/es\/\">Ver m\u00e1s...<\/a><\/div>\n<\/div>\n<\/div>\n<\/div>","protected":false},"excerpt":{"rendered":"","protected":false},"author":1,"featured_media":0,"parent":0,"menu_order":0,"comment_status":"closed","ping_status":"closed","template":"","meta":{"inline_featured_image":false,"footnotes":""},"class_list":["post-99","page","type-page","status-publish","hentry"],"_links":{"self":[{"href":"https:\/\/beerlab.ltd\/es\/wp-json\/wp\/v2\/pages\/99","targetHints":{"allow":["GET"]}}],"collection":[{"href":"https:\/\/beerlab.ltd\/es\/wp-json\/wp\/v2\/pages"}],"about":[{"href":"https:\/\/beerlab.ltd\/es\/wp-json\/wp\/v2\/types\/page"}],"author":[{"embeddable":true,"href":"https:\/\/beerlab.ltd\/es\/wp-json\/wp\/v2\/users\/1"}],"replies":[{"embeddable":true,"href":"https:\/\/beerlab.ltd\/es\/wp-json\/wp\/v2\/comments?post=99"}],"version-history":[{"count":2,"href":"https:\/\/beerlab.ltd\/es\/wp-json\/wp\/v2\/pages\/99\/revisions"}],"predecessor-version":[{"id":101,"href":"https:\/\/beerlab.ltd\/es\/wp-json\/wp\/v2\/pages\/99\/revisions\/101"}],"wp:attachment":[{"href":"https:\/\/beerlab.ltd\/es\/wp-json\/wp\/v2\/media?parent=99"}],"curies":[{"name":"wp","href":"https:\/\/api.w.org\/{rel}","templated":true}]}}